{"id":53,"date":"2024-07-09T17:39:31","date_gmt":"2024-07-09T17:39:31","guid":{"rendered":"https:\/\/twardosz.com\/wordpress\/?page_id=53"},"modified":"2025-06-19T09:51:31","modified_gmt":"2025-06-19T07:51:31","slug":"publikationen","status":"publish","type":"page","link":"https:\/\/twardosz.com\/index.php\/publikationen\/","title":{"rendered":"Publikationen"},"content":{"rendered":"\n<h3 class=\"wp-block-heading\">Monographien und Alleinherausgeberschaften<\/h3>\n\n\n\n<ul class=\"wp-block-list\">\n<li>Handbuch VwGH-Verfahren. Verfahren vor dem Verwaltungsgerichtshof, 5. Auflage, Verlag LexisNexis, Wien 2022<\/li>\n\n\n\n<li>Kommentar zur Geb\u00fchrengesetz, 7. Auflage, Verlag MANZ, Wien 2021<\/li>\n\n\n\n<li>Besteuerung von Zinseink\u00fcnften,&nbsp;Verlag LexisNexis ARD Orac, Wien 2007 (ausgezeichnet mit dem Walther Kastner-Preis 2007)<\/li>\n\n\n\n<li>Die Abgrenzung von Ertrags- und Verm\u00f6genssph\u00e4re bei der Besteuerung von Zinsen (Diss. Univ. Wien, 2006)<\/li>\n\n\n\n<li>Finanzierungsfreiheit und Schuldzinsenabzug im Zusammenhang mit der Entnahme gem\u00e4\u00df \u00a7 16 Abs 5 Umgr\u00fcndungssteuergesetz (WU-Wien, 2002)<\/li>\n<\/ul>\n\n\n\n<h3 class=\"wp-block-heading\">Mitherausgeberschaften<\/h3>\n\n\n\n<ul class=\"wp-block-list\">\n<li>Handbuch GmbH, Linde Verlag 2024<\/li>\n\n\n\n<li>Handbuch Selbstanzeige, Verlag MANZ 2017<\/li>\n\n\n\n<li>Double Tax Treaties in CEE\/SEE, Verlag LexisNexis 2011<\/li>\n<\/ul>\n\n\n\n<h3 class=\"wp-block-heading\">Beitr\u00e4ge zu Sammelb\u00e4nden und Kommentaren<\/h3>\n\n\n\n<ul class=\"wp-block-list\">\n<li>Digitale W\u00e4hrungen im steuerlichen Betriebsverm\u00f6gen, in <em>Huber\/Wolf-Posch<\/em>, Digitales Wirtschaftsrecht (in Druck), Verlag \u00d6sterreich<\/li>\n\n\n\n<li>Steuern und Geb\u00fchren, in <em>Krenn\/Alavi Kia<\/em>, Der Lizenzvertrag, Linde Verlag 2025<\/li>\n\n\n\n<li>Die GmbH als Scheinunternehmen, in <em>Napokoj\/Pelinka\/Schimmer\/Twardosz<\/em>, Handbuch GmbH, Linde Verlag 2024<\/li>\n\n\n\n<li>Besonderheiten der Selbstanzeige bei GmbH (T\u00e4ternennung), in <em>Napokoj\/Pelinka\/Schimmer\/Twardosz<\/em>, Handbuch GmbH, Linde Verlag 2024<\/li>\n\n\n\n<li>\u00dcberblick \u00fcber verdeckte Aussch\u00fcttungen, in <em>Napokoj\/Pelinka\/Schimmer\/Twardosz<\/em>, Handbuch GmbH, Linde Verlag 2024<\/li>\n\n\n\n<li>Geb\u00fchren, in <em>Denk\/Pelinka<\/em> (Hrsg), Handbuch Mietrecht, Linde Verlag 2022<\/li>\n\n\n\n<li>\u00a7 188 \u2013 194 (Entsch\u00e4digung), in <em>Tannert\/Kotschnigg\/Twardosz<\/em>, Kommentar zum Finanzstrafgesetz (Verlag MANZ 2022)<\/li>\n\n\n\n<li>\u00a7 28a (Verbandsverantwortlichkeit), in <em>Tannert\/Kotschnigg\/Twardosz<\/em>, Kommentar zum Finanzstrafgesetz (Verlag MANZ 2020)<\/li>\n\n\n\n<li>Verbandsverantwortlichkeit im Finanzstrafrecht, in <em>Soyer <\/em>(Hrsg), Handbuch Unternehmensstrafrecht, 423-464 (Verlag MANZ 2020)<\/li>\n\n\n\n<li>Verfahren vor dem Verwaltungsgerichtshof, in <em>H\u00fcbner\/Houf<\/em>, Musterhandbuch f\u00fcr Steuerberater, 821-852 (Verlag MANZ 2020)<\/li>\n\n\n\n<li>Verdeckte Aussch\u00fcttungen im Ertragsteuerrecht, in <em>Foglar-Deinhardstein<\/em>, Handbuch verdeckte Aussch\u00fcttung, 193-298 (Verlag \u00d6sterreich 2019)<\/li>\n\n\n\n<li>Finanzstrafrechtliche Aspekte verdeckter Aussch\u00fcttungen, in <em>Foglar-Deinhardstein<\/em>, Handbuch verdeckte Aussch\u00fcttung, 323-354 (Verlag \u00d6sterreich 2019)<\/li>\n\n\n\n<li>\u00a7\u00a7 180-184 (Verfahren gegen Jugendliche), in <em>Tannert\/Kotschnigg\/Twardosz<\/em>, Kommentar zum Finanzstrafgesetz (Verlag MANZ 2019)<\/li>\n\n\n\n<li>\u00a7 169 \u2013 170 (Amtsrevision), in <em>Tannert\/Kotschnigg\/Twardosz<\/em>, Kommentar zum Finanzstrafgesetz (Verlag MANZ 2018)<\/li>\n\n\n\n<li>Die vorsorgliche Selbstanzeige, in <em>Althuber\/Lang\/Twardosz<\/em>, Handbuch Selbstanzeige, 137-162 (Verlag MANZ 2018)<\/li>\n\n\n\n<li>Vergleich zwischen Selbstanzeige und R\u00fccktritt vom Versuch, in <em>Althuber\/Lang\/Twardosz<\/em>, Handbuch Selbstanzeige, 53-64 (Verlag MANZ 2018)<\/li>\n\n\n\n<li>Anzeiger und T\u00e4ternennung, in <em>Althuber\/Lang\/Twardosz<\/em>, Handbuch Selbstanzeige, 103-124 (Verlag MANZ 2018)<\/li>\n\n\n\n<li>\u00dcberblick \u00fcber die Voraussetzungen, in <em>Althuber\/Lang\/Twardosz<\/em>, Handbuch Selbstanzeige, 87-90 (Verlag MANZ 2018)<\/li>\n\n\n\n<li>\u00a7 8 (Vorsatz, Fahrl\u00e4ssigkeit), in <em>Tannert\/Kotschnigg<\/em>, Kommentar zum Finanzstrafgesetz (Verlag MANZ 2014), Aktualisierung 2017<\/li>\n\n\n\n<li>Abgabenrechtliche Pr\u00fcf- und Erkundigungspflichten bei \u00dcbernahme einer Gesch\u00e4ftsf\u00fchrungsfunktion, in <em>Althuber<\/em> (Hrsg.), Gesch\u00e4ftsf\u00fchrer- und Vorstandshaftung im \u00f6sterreichischen Steuerrecht, 2. Auflage 2015 (Co-Autor)<\/li>\n\n\n\n<li>Anhang III zu \u00a7 33 (betreffend finanzstrafrechtliche Risiken von Bankgesch\u00e4ften) in <em>Tannert\/Kotschnigg<\/em>, Kommentar zum Finanzstrafgesetz (Verlag MANZ 2015), Aktualisierung M\u00e4rz 2022<\/li>\n\n\n\n<li>\u00a7 13 (Versuch), in <em>Tannert\/Kotschnigg<\/em>, Kommentar zum Finanzstrafgesetz (Verlag MANZ 2014), Aktualisierung 2022<\/li>\n\n\n\n<li>\u00a7 14 (R\u00fccktritt vom Versuch), in <em>Tannert\/Kotschnigg<\/em>, Kommentar zum Finanzstrafgesetz (Verlag MANZ 2014), Aktualisierung 2022<\/li>\n\n\n\n<li>Anhang I zu \u00a7 33 (betreffend Liechtensteinische Stiftungen und steuerliche Abzugsverbote f\u00fcr Bestechung im grenz\u00fcberschreitenden Bereich), in <em>Tannert\/Kotschnigg<\/em>, Kommentar zum Finanzstrafgesetz (Verlag MANZ 2014), Aktualisierung M\u00e4rz 2022<\/li>\n\n\n\n<li>Gesch\u00e4ftsverteilungen und Auslagerung abgabenrechtlicher Pflichten an externe Dritte, in <em>Althuber<\/em> (Hrsg.), Gesch\u00e4ftsf\u00fchrer- und Vorstandshaftung im \u00f6sterreichischen Steuerrecht (Co-Autor)<\/li>\n\n\n\n<li>Haftungsfragen und Risikobeurteilung in Abh\u00e4ngigkeit von der Transaktionsstruktur, in <em>Baumann<\/em> et al (Hrsg.), Handbuch Unternehmenskauf und Due Diligence, Band II \u2013 Tax (2009) (Co-Autor)<\/li>\n\n\n\n<li>Group Taxation in Triangular Cases, in <em>Sutter\/Zehetner<\/em> (Hrsg.), Triangular Tax Cases (2004)<\/li>\n<\/ul>\n\n\n\n<h3 class=\"wp-block-heading\">Beitr\u00e4ge in Fachzeitschriften<\/h3>\n\n\n\n<ul class=\"wp-block-list\">\n<li>Fehlende Empf\u00e4ngerbenennung und Sch\u00e4tzung einer verdeckten Aussch\u00fcttung \u2013 ein Widerspruch in sich, ZSS 4\/2024<\/li>\n\n\n\n<li>Update Geb\u00fchrenrecht, WT Fachjournal 5-6\/2024, 36<\/li>\n\n\n\n<li>Steuerpolitik am Beispiel von Zinsenabzugsverboten, RdW 11\/2023\/612 (Co-Autor)<\/li>\n\n\n\n<li>Ans\u00e4ssigkeitsruling \u2013 Fallstudie und Erfahrungen aus der Praxis, ZSS 2023, 101<\/li>\n\n\n\n<li>VwGH: \u00a7 26 GebG berechtigt bei einem gestaffelten Entgelt nicht zum Ansatz des H\u00f6chstbetrages, RdW 8\/2023\/453<\/li>\n\n\n\n<li>Einbringungshemmende Wirkung eines Antrags auf Aussetzung der Vollziehung im Zollrecht, ZSS 2022, 72 (Co-Autor)<\/li>\n\n\n\n<li>Wiederaufnahme: Anforderungen an das \u201eNeuhervorkommen\u201c von Tatsachen, ZSS 4\/2021, 174<\/li>\n\n\n\n<li>Nachbescheidkontrolle und Aufhebung nach \u00a7 299 BAO, ZSS 2\/2021, 80<\/li>\n\n\n\n<li>Ertragsteuerliche Behandlung von Staking im Privatverm\u00f6gen, SWK 13-14\/2021, 779<\/li>\n\n\n\n<li>Vertrauensschutz und Nachsicht bei Erhebung der Bestandvertragsgeb\u00fchr, RdW 3\/2021<\/li>\n\n\n\n<li>Keine Haftung des Vermieters f\u00fcr Gl\u00fccksspielabgaben des Mieters, SWK 7\/2021, 493 (Co-Autor)<\/li>\n\n\n\n<li>NoVA Bemessungsgrundlage bei Miete von ausl\u00e4ndischem Vermieter, SWK 34\/2020, 1599<\/li>\n\n\n\n<li>Empf\u00e4ngerbenennung nach \u00a7 162 BAO bei \u201eScheinunternehmen\u201c als Empf\u00e4nger der abgesetzten Betr\u00e4ge, ZSS 2020, 101<\/li>\n\n\n\n<li>Unzul\u00e4ssige Vorlage einer Beschwerde ohne Beschwerdevorentscheidung, ZSS 2020, 54<\/li>\n\n\n\n<li>Begr\u00fcndung der Zul\u00e4ssigkeit einer Revision an den VwGH, ZSS 2019, 24<\/li>\n\n\n\n<li>Pr\u00fcfungsauftr\u00e4ge mittels Aufhebungsantrag gesondert anfechtbar, SWK 20-21\/2019, 892 (Co-Autor)<\/li>\n\n\n\n<li>Firmenwertabschreibung und Fremdkapitalzinsenabzug bei gestaffeltem Konzernerwerb zul\u00e4ssig, SWK 34\/35\/2018, 1521<\/li>\n\n\n\n<li>Ersatzbeurkundung durch Erkl\u00e4rungen vor Gerichten oder Beh\u00f6rden, \u00d6StZ 21\/2017\/807, 572<\/li>\n\n\n\n<li>Befreiung der Wohnraummiete, SWK 32\/2017, 1329<\/li>\n\n\n\n<li>Erh\u00f6hter Umsatzsteuersatz auf k\u00fcnstlerische Leistungen \u2013 Auswirkungen auf Autoren, MR 2016, 8<\/li>\n\n\n\n<li>Bestimmung der Vertragsdauer von Bestandvertr\u00e4gen im Anwendungsbereich des MRG, SWK 29\/2015, 1344<\/li>\n\n\n\n<li>Geb\u00fchrenbefreiung von Sicherungsgesch\u00e4ften: sachlicher und zeitlicher Anwendungsbereich des \u00a7 20 Z 5 GebG, \u00d6StZ 2015\/294, 236<\/li>\n\n\n\n<li>Aush\u00e4ndigung oder \u00dcbersendung von Urkunden an Dritte, taxlex 2015, 146<\/li>\n\n\n\n<li>Abgabenrechtliche Pr\u00fcfpflichten des neuen Gesch\u00e4ftsf\u00fchrers, RdW 2014\/542 (Co-Autor)<\/li>\n\n\n\n<li>Grunderwerbsteuer: Bemessungsgrundlage beim Kauf eines Grundst\u00fccks ist nicht mehr immer der Kaufpreis, ecolex 2014, 641<\/li>\n\n\n\n<li>Vermeidung von Rechtsgesch\u00e4ftsgeb\u00fchren bei der Vertrags\u00fcbernahme, SWK 25\/2014, 1106<\/li>\n\n\n\n<li>Permanent establishment guidance, Transfer Pricing International Journal 11\/2013&nbsp;(Co-Autor)<\/li>\n\n\n\n<li>Berufsfeld Steueranwalt \u2013 eine Replik, VWT 4\/2013<\/li>\n\n\n\n<li>Die liechtensteinische Stiftung im Fokus des \u00f6sterreichischen und des schweizerischen Steuerrechts, Steuer Revue \/ Revue fiscale 5\/2013, 336\u2013349 (Co-Autor)<\/li>\n\n\n\n<li>Austria: Foreign investors advantaged by Austria&#8217;s tax treaties, International Tax Review, Februar 2013<\/li>\n\n\n\n<li>Das Steuerabkommen mit Liechtenstein \u2013 ein Vergleich mit dem Abkommen Schweiz und Auswirkungen auf die liechtensteinische Stiftung, \u00d6BA 3\/2013<\/li>\n\n\n\n<li>Abgabenrechtliche Haftung des faktischen Gesch\u00e4ftsf\u00fchrers. Erstmalige Regelung durch das Abg\u00c4G 2012, RdW 2\/2013 (Co-Autor)<\/li>\n\n\n\n<li>RdF-L\u00e4nderreport \u00d6sterreich: Aktuelle Entwicklungen im Aufsichts-, Zivil- und Steuerrecht f\u00fcr den Kapitalmarkt, RdF 1\/2013 (Co Autor)<\/li>\n\n\n\n<li>Tax Agreement between Switzerland and Austria, European Taxation 2-3\/2013<\/li>\n\n\n\n<li>Verj\u00e4hrung illegaler Bargeldtransfers \u00fcber die Grenze, SWK 1\/2013, 35 (Co-Autor)<\/li>\n\n\n\n<li>Beihilfe zur Steuerhinterziehung bei Entgegennahme von Schweizer Kapitalverm\u00f6gen? ecolex 12\/2012, 1106<\/li>\n\n\n\n<li>\u00c4nderungen des VwGH-Verfahrens nach der Verwaltungsgerichtsbarkeits-Novelle 2012, SWK 20\/21\/2012, 924<\/li>\n\n\n\n<li>Steuerlich nicht abzugsf\u00e4hige Aufwendungen in Kroatien, eastlex 6\/2011, 204 (Co-Autor)<\/li>\n\n\n\n<li>Beware: unprinted e-mail could prompt stamp duty in Austria, The In-House Lawyer 2011<\/li>\n\n\n\n<li>Austrian Finance Ministry Publishes Advance Ruling System Guidelines, Worldwide Tax Daily 2011 (Co-Autor)<\/li>\n\n\n\n<li>E-Mail Could Trigger Stamp duty, Court Rules, Tax Notes International 2011<\/li>\n\n\n\n<li>Steuerliche Neuerungen f\u00fcr Finanzierungen im Konzern, GeS 2011, 76 (Co-Autor)<\/li>\n\n\n\n<li>Austria&#8217;s New Rules on Cross-border Financing Schemes, Tax Notes International 2011 (Co-Autor)<\/li>\n\n\n\n<li>Austrian Bank Secrecy and New Remedies for Taxpayers, Tax Notes International 2010, 216 (Co-Autor)<\/li>\n\n\n\n<li>Auslegung von Urkunden im Geb\u00fchrenrecht &#8211; Wirtschaftliche Betrachtungsweise?, RdW 8\/2009, 554-558<\/li>\n\n\n\n<li>Haftung f\u00fcr Kapitalertragsteuer, \u00d6StZ 13\/2009\/634, 317<\/li>\n\n\n\n<li>Hohes Verrechnungskonto eines Gesellschafters, SWK 10\/2009, S 374-377<\/li>\n\n\n\n<li>VwGH kippt St\u00fcckzinsenverrechnung, SWK 6\/2008, S 288-291<\/li>\n\n\n\n<li>Aufkommenssicherung in der Umsatzsteuer &#8211; Kosten und Risiko f\u00fcr den Unternehmer, \u00d6StZ 1\/2\/2008, 8-15<\/li>\n\n\n\n<li>Gemeinschaftsgrundrechte und Verfassungsgrundrechte im Steuerrecht, DStR 49\/07, 2185-2194 (Co-Autor)<\/li>\n\n\n\n<li>Die ma\u00dfgebende Rechtslage im Abgabenrecht, \u00d6StZ 1\/2\/2007, 16-20 (Teil I) und \u00d6StZ 3\/2007, 49-54 (Teil II) (Co-Autor)<\/li>\n\n\n\n<li>Ver\u00e4u\u00dferung von Zinsscheinen, RdW 8\/2006\/493, 534-536<\/li>\n\n\n\n<li>Neues zum Mantelkauf, GeS 3\/2006, 128-131<\/li>\n\n\n\n<li>Die Ma\u00dfgeblichkeit zivilrechtlicher Haftung f\u00fcr verdeckte Aussch\u00fcttung und verdeckte Einlage, SWK 9\/2006 S 335-340<\/li>\n\n\n\n<li>Grundrechte in der Europ\u00e4ischen Union &#8211; Auswirkungen auf das Steuerrecht, \u00d6StZ 3\/2006, 34-37 (Teil I) und 4\/2006, 58-63 (Teil II) (Co-Autor)<\/li>\n\n\n\n<li>Entnahme von Betriebsverm\u00f6gen: Neues zum Schuldzinsenabzug? GeS 7\/2006, 319-322<\/li>\n\n\n\n<li>Gestaltungsmissbrauch. Die Rechtsprechung des VwGH und ihre Bedeutung f\u00fcr die Praxis, AWPrax 12\/2005, 506-509<\/li>\n\n\n\n<li>Nochmals zur subjektiven Absicht beim Nachweis einer Nutzungsdauer, \u00d6StZ 18\/2005, 405<\/li>\n\n\n\n<li>Der Nachweis der Nutzungsdauer im au\u00dferbetrieblichen Bereich, \u00d6StZ 14\/2005, 308f<\/li>\n<\/ul>\n\n\n\n<h3 class=\"wp-block-heading\">Entscheidungsbesprechungen<\/h3>\n\n\n\n<ul class=\"wp-block-list\">\n<li>E-Mail als Urkunde iSd \u00a7 15 GebG, GeS 2011 (VwGH 16.12.2010, 2009\/16\/0271) (Co-Autor)<\/li>\n\n\n\n<li>Umgehung von Verkehrsteuern kein Missbrauch im Sinne der Fusionsrichtlinie, European Law Reporter 7-8\/2010,&nbsp;254&nbsp;(EuGH 20.5.2010, C-352\/08) (Co-Autor)<\/li>\n\n\n\n<li>Forderungseinziehung im Privatverm\u00f6gen nicht steuerbar, ecolex 6\/2009\/202, 525 (VwGH 11.11.2008, 2006\/13\/0088)<\/li>\n\n\n\n<li>VwGH: Sechste Mehrwertsteuerrichtlinie gleichheitswidrig, GeS 10\/2007 (VwGH 24.9.2007, 2006\/15\/0056)<\/li>\n\n\n\n<li>VwGH: Wirtschaftliches Eigentum an GmbH-Anteilen, GeS 1\/2007, 37-40 (VwGH 21.9.2006, 2003\/15\/0053)<\/li>\n\n\n\n<li>VwGH: Keine Vermietung an Unterhaltsberechtigte, GeS 9\/2006, 416-418 (VwGH 30.3.2006, 2002\/15\/0141)<\/li>\n\n\n\n<li>VwGH: Dynamische Interpretation eines DBA, GeS 8\/2006, 372-375 (VwGH 30.03.2006, 2002\/15\/0098, 0162)<\/li>\n\n\n\n<li>VwGH: Auch ein umgr\u00fcndungsbedingter Firmenwert ist ein Wirtschaftsgut, GeS 4\/2006, 188-190 (VwGH 22.12.2005, 2004\/15\/0045)<\/li>\n<\/ul>\n\n\n\n<h3 class=\"wp-block-heading\">Artikel in Tageszeitungen<\/h3>\n\n\n\n<ul class=\"wp-block-list\">\n<li>Malta plant Gesetz um \u00f6sterreichische Gl\u00fccksspielurteile abzuwehren, Der Standard 19.5.2023<\/li>\n\n\n\n<li>Steueroase \u00d6sterreich und andere L\u00fccken, Die Presse 21.06.2021<\/li>\n\n\n\n<li>Warum das Steuerrecht nicht einfach ist, Der Standard 05.12.2019<\/li>\n\n\n\n<li>Digitalsteuern erfordern Bewegungsprofile, Die Presse 04.02.2019<\/li>\n\n\n\n<li>Im Zweifel zu Lasten der Steuerzahler, Die Presse 20.8.2014<\/li>\n\n\n\n<li>\u00dcberlegungen der Exekutive sind keine Gesetzgebungsakte, Die Presse 27.4.2014<\/li>\n\n\n\n<li>EuGH hilft ausl\u00e4ndischen Investmentfonds, Die Presse 13.4.2014<\/li>\n\n\n\n<li>&#8222;Hinterziehung kann so nicht verhindert werden.&#8220; Die Presse 10.4.2013<\/li>\n\n\n\n<li>Steuerabkommen Wien\/Vaduz k\u00f6nnte Europarecht verletzen, Die Presse, 11.2.2013<\/li>\n\n\n\n<li>Banken d\u00fcrfen Schwarzgeld annehmen, Der Standard 4.12.2012<\/li>\n\n\n\n<li>Steuerzahler unter Generalverdacht, Der Standard, 12.9.2012.<\/li>\n\n\n\n<li>&#8222;Stempelsteuer&#8220; unter Druck: Wie lange noch? Die Presse, 21.2.2011<\/li>\n\n\n\n<li>Amtshilfe nach Diebstahl von Kontodaten?&nbsp;Die Presse, 8.2.2010<\/li>\n\n\n\n<li>Dividendenbesteuerung vor dem EuGH, Der Standard, 8.10.2008<\/li>\n\n\n\n<li>Kritik an Geb\u00fchrenpflicht f\u00fcr E-Mails, Der Standard, 2.4.2008<\/li>\n\n\n\n<li>Deutsche Abgeltungsteuer als Vorbild f\u00fcr \u00d6sterreich?&nbsp;Die Presse, 26.2.2008<\/li>\n\n\n\n<li>Risikokapitalgesetz bleibt St\u00fcckwerk, Der Standard, 7.11.2007 (Co-Autor)<\/li>\n<\/ul>\n","protected":false},"excerpt":{"rendered":"<p>Monographien und Alleinherausgeberschaften Mitherausgeberschaften Beitr\u00e4ge zu Sammelb\u00e4nden und Kommentaren Beitr\u00e4ge in Fachzeitschriften Entscheidungsbesprechungen Artikel in Tageszeitungen<\/p>\n","protected":false},"author":1,"featured_media":65,"parent":0,"menu_order":0,"comment_status":"closed","ping_status":"closed","template":"","meta":{"footnotes":""},"class_list":["post-53","page","type-page","status-publish","has-post-thumbnail","hentry"],"yoast_head":"<!-- This site is optimized with the Yoast SEO plugin v21.7 - https:\/\/yoast.com\/wordpress\/plugins\/seo\/ -->\n<title>Publikationen - Steueranw\u00e4lte in Wien<\/title>\n<meta name=\"robots\" content=\"index, follow, max-snippet:-1, max-image-preview:large, max-video-preview:-1\" \/>\n<link rel=\"canonical\" href=\"https:\/\/twardosz.com\/index.php\/publikationen\/\" \/>\n<meta property=\"og:locale\" content=\"de_DE\" \/>\n<meta property=\"og:type\" content=\"article\" \/>\n<meta property=\"og:title\" content=\"Publikationen - Steueranw\u00e4lte in Wien\" \/>\n<meta property=\"og:description\" content=\"Monographien und Alleinherausgeberschaften Mitherausgeberschaften Beitr\u00e4ge zu Sammelb\u00e4nden und Kommentaren Beitr\u00e4ge in Fachzeitschriften Entscheidungsbesprechungen Artikel in Tageszeitungen\" \/>\n<meta property=\"og:url\" content=\"https:\/\/twardosz.com\/index.php\/publikationen\/\" \/>\n<meta property=\"og:site_name\" content=\"Steueranw\u00e4lte in Wien\" \/>\n<meta property=\"article:modified_time\" content=\"2025-06-19T07:51:31+00:00\" \/>\n<meta property=\"og:image\" content=\"https:\/\/twardosz.com\/wordpress\/wp-content\/uploads\/2024\/07\/IMG_20210309_171634-1-scaled.jpg\" \/>\n\t<meta property=\"og:image:width\" content=\"2560\" \/>\n\t<meta property=\"og:image:height\" content=\"1802\" \/>\n\t<meta property=\"og:image:type\" content=\"image\/jpeg\" \/>\n<meta name=\"twitter:card\" content=\"summary_large_image\" \/>\n<meta name=\"twitter:label1\" content=\"Gesch\u00e4tzte Lesezeit\" \/>\n\t<meta name=\"twitter:data1\" content=\"7\u00a0Minuten\" \/>\n<script type=\"application\/ld+json\" class=\"yoast-schema-graph\">{\"@context\":\"https:\/\/schema.org\",\"@graph\":[{\"@type\":\"WebPage\",\"@id\":\"https:\/\/twardosz.com\/index.php\/publikationen\/\",\"url\":\"https:\/\/twardosz.com\/index.php\/publikationen\/\",\"name\":\"Publikationen - Steueranw\u00e4lte in Wien\",\"isPartOf\":{\"@id\":\"https:\/\/twardosz.com\/#website\"},\"datePublished\":\"2024-07-09T17:39:31+00:00\",\"dateModified\":\"2025-06-19T07:51:31+00:00\",\"breadcrumb\":{\"@id\":\"https:\/\/twardosz.com\/index.php\/publikationen\/#breadcrumb\"},\"inLanguage\":\"de\",\"potentialAction\":[{\"@type\":\"ReadAction\",\"target\":[\"https:\/\/twardosz.com\/index.php\/publikationen\/\"]}]},{\"@type\":\"BreadcrumbList\",\"@id\":\"https:\/\/twardosz.com\/index.php\/publikationen\/#breadcrumb\",\"itemListElement\":[{\"@type\":\"ListItem\",\"position\":1,\"name\":\"Startseite\",\"item\":\"https:\/\/twardosz.com\/\"},{\"@type\":\"ListItem\",\"position\":2,\"name\":\"Publikationen\"}]},{\"@type\":\"WebSite\",\"@id\":\"https:\/\/twardosz.com\/#website\",\"url\":\"https:\/\/twardosz.com\/\",\"name\":\"Steueranw\u00e4lte in Wien\",\"description\":\"Dr. Twardosz &amp; Dr. Twardosz\",\"publisher\":{\"@id\":\"https:\/\/twardosz.com\/#organization\"},\"potentialAction\":[{\"@type\":\"SearchAction\",\"target\":{\"@type\":\"EntryPoint\",\"urlTemplate\":\"https:\/\/twardosz.com\/?s={search_term_string}\"},\"query-input\":\"required name=search_term_string\"}],\"inLanguage\":\"de\"},{\"@type\":\"Organization\",\"@id\":\"https:\/\/twardosz.com\/#organization\",\"name\":\"Steueranw\u00e4lte in Wien\",\"url\":\"https:\/\/twardosz.com\/\",\"logo\":{\"@type\":\"ImageObject\",\"inLanguage\":\"de\",\"@id\":\"https:\/\/twardosz.com\/#\/schema\/logo\/image\/\",\"url\":\"https:\/\/twardosz.com\/wordpress\/wp-content\/uploads\/2024\/07\/favico.jpg\",\"contentUrl\":\"https:\/\/twardosz.com\/wordpress\/wp-content\/uploads\/2024\/07\/favico.jpg\",\"width\":32,\"height\":32,\"caption\":\"Steueranw\u00e4lte in Wien\"},\"image\":{\"@id\":\"https:\/\/twardosz.com\/#\/schema\/logo\/image\/\"}}]}<\/script>\n<!-- \/ Yoast SEO plugin. -->","yoast_head_json":{"title":"Publikationen - Steueranw\u00e4lte in Wien","robots":{"index":"index","follow":"follow","max-snippet":"max-snippet:-1","max-image-preview":"max-image-preview:large","max-video-preview":"max-video-preview:-1"},"canonical":"https:\/\/twardosz.com\/index.php\/publikationen\/","og_locale":"de_DE","og_type":"article","og_title":"Publikationen - Steueranw\u00e4lte in Wien","og_description":"Monographien und Alleinherausgeberschaften Mitherausgeberschaften Beitr\u00e4ge zu Sammelb\u00e4nden und Kommentaren Beitr\u00e4ge in Fachzeitschriften Entscheidungsbesprechungen Artikel in Tageszeitungen","og_url":"https:\/\/twardosz.com\/index.php\/publikationen\/","og_site_name":"Steueranw\u00e4lte in Wien","article_modified_time":"2025-06-19T07:51:31+00:00","og_image":[{"width":2560,"height":1802,"url":"https:\/\/twardosz.com\/wordpress\/wp-content\/uploads\/2024\/07\/IMG_20210309_171634-1-scaled.jpg","type":"image\/jpeg"}],"twitter_card":"summary_large_image","twitter_misc":{"Gesch\u00e4tzte Lesezeit":"7\u00a0Minuten"},"schema":{"@context":"https:\/\/schema.org","@graph":[{"@type":"WebPage","@id":"https:\/\/twardosz.com\/index.php\/publikationen\/","url":"https:\/\/twardosz.com\/index.php\/publikationen\/","name":"Publikationen - Steueranw\u00e4lte in Wien","isPartOf":{"@id":"https:\/\/twardosz.com\/#website"},"datePublished":"2024-07-09T17:39:31+00:00","dateModified":"2025-06-19T07:51:31+00:00","breadcrumb":{"@id":"https:\/\/twardosz.com\/index.php\/publikationen\/#breadcrumb"},"inLanguage":"de","potentialAction":[{"@type":"ReadAction","target":["https:\/\/twardosz.com\/index.php\/publikationen\/"]}]},{"@type":"BreadcrumbList","@id":"https:\/\/twardosz.com\/index.php\/publikationen\/#breadcrumb","itemListElement":[{"@type":"ListItem","position":1,"name":"Startseite","item":"https:\/\/twardosz.com\/"},{"@type":"ListItem","position":2,"name":"Publikationen"}]},{"@type":"WebSite","@id":"https:\/\/twardosz.com\/#website","url":"https:\/\/twardosz.com\/","name":"Steueranw\u00e4lte in Wien","description":"Dr. Twardosz &amp; Dr. Twardosz","publisher":{"@id":"https:\/\/twardosz.com\/#organization"},"potentialAction":[{"@type":"SearchAction","target":{"@type":"EntryPoint","urlTemplate":"https:\/\/twardosz.com\/?s={search_term_string}"},"query-input":"required name=search_term_string"}],"inLanguage":"de"},{"@type":"Organization","@id":"https:\/\/twardosz.com\/#organization","name":"Steueranw\u00e4lte in Wien","url":"https:\/\/twardosz.com\/","logo":{"@type":"ImageObject","inLanguage":"de","@id":"https:\/\/twardosz.com\/#\/schema\/logo\/image\/","url":"https:\/\/twardosz.com\/wordpress\/wp-content\/uploads\/2024\/07\/favico.jpg","contentUrl":"https:\/\/twardosz.com\/wordpress\/wp-content\/uploads\/2024\/07\/favico.jpg","width":32,"height":32,"caption":"Steueranw\u00e4lte in Wien"},"image":{"@id":"https:\/\/twardosz.com\/#\/schema\/logo\/image\/"}}]}},"_links":{"self":[{"href":"https:\/\/twardosz.com\/index.php\/wp-json\/wp\/v2\/pages\/53","targetHints":{"allow":["GET"]}}],"collection":[{"href":"https:\/\/twardosz.com\/index.php\/wp-json\/wp\/v2\/pages"}],"about":[{"href":"https:\/\/twardosz.com\/index.php\/wp-json\/wp\/v2\/types\/page"}],"author":[{"embeddable":true,"href":"https:\/\/twardosz.com\/index.php\/wp-json\/wp\/v2\/users\/1"}],"replies":[{"embeddable":true,"href":"https:\/\/twardosz.com\/index.php\/wp-json\/wp\/v2\/comments?post=53"}],"version-history":[{"count":10,"href":"https:\/\/twardosz.com\/index.php\/wp-json\/wp\/v2\/pages\/53\/revisions"}],"predecessor-version":[{"id":104,"href":"https:\/\/twardosz.com\/index.php\/wp-json\/wp\/v2\/pages\/53\/revisions\/104"}],"wp:featuredmedia":[{"embeddable":true,"href":"https:\/\/twardosz.com\/index.php\/wp-json\/wp\/v2\/media\/65"}],"wp:attachment":[{"href":"https:\/\/twardosz.com\/index.php\/wp-json\/wp\/v2\/media?parent=53"}],"curies":[{"name":"wp","href":"https:\/\/api.w.org\/{rel}","templated":true}]}}