{"id":3,"date":"2024-01-04T14:43:45","date_gmt":"2024-01-04T14:43:45","guid":{"rendered":"https:\/\/twardosz.com\/wordpress\/?page_id=3"},"modified":"2024-07-18T12:13:34","modified_gmt":"2024-07-18T10:13:34","slug":"privacy-policy","status":"publish","type":"page","link":"https:\/\/twardosz.com\/index.php\/privacy-policy\/","title":{"rendered":"Datenschutzerkl\u00e4rung"},"content":{"rendered":"\n<p>Wenn Sie die Website www.twardosz.com oder www.twardosz.at aufrufen, werden von dem Rechner, auf dem die Website gespeichert ist, automatisiert Daten und Informationen vom Computersystem Ihres Rechners erfasst:<\/p>\n\n\n\n<ul class=\"wp-block-list\">\n<li>Browsertyp, Browserversion, Browsersprache<\/li>\n\n\n\n<li>Betriebssystem des Nutzers und dessen Oberfl\u00e4che<\/li>\n\n\n\n<li>IP-Adresse des Nutzers<\/li>\n\n\n\n<li>Datum und Uhrzeit des Zugriffs<\/li>\n\n\n\n<li>\u00dcbertragene Datenmenge<\/li>\n\n\n\n<li>Websites, von denen das System des Nutzers auf unsere Website gelangt<\/li>\n\n\n\n<li>Websites, die vom System des Nutzers \u00fcber unsere Website aufgerufen werden<\/li>\n\n\n\n<li>Zugriffsstatus\/HTTP-Statuscode<\/li>\n<\/ul>\n\n\n\n<p>Diese Erfassung ist nach Art 6 Abs 1 lit f DSGVO zul\u00e4ssig. Diese Daten werden von den Betreibern der Website nicht verarbeitet, und nur so lange gespeichert, wie dies technisch notwendig ist.<\/p>\n\n\n\n<p>Au\u00dferdem k\u00f6nnen sogenannte Cookies auf Ihrem Rechner gespeichert werden, wenn Ihr Browser dies zul\u00e4ssst. Cookies sind Textdateien, durch die Ihr Rechner bei einem erneuten Besuch der Website wiedererkannt werden kann. Das ist nach Art 6 Abs 1 lit f DSGVO und \u00a7 165 Abs 3 TKG zul\u00e4ssig, wenn es unbedingt erforderlich ist, damit die Website Ihnen \u00fcberhaupt angezeigt werden kann, nachdem Sie diese aufgerufen haben. Au\u00dfer jenen technisch notwendigen Cookies werden keine Cookies auf Ihrem Rechner gespeichert. Sie k\u00f6nnen in Ihren Browsereinstellungen w\u00e4hlen, ob und welche Cookies gespeichert werden, und k\u00f6nnen diese jederzeit l\u00f6schen.<\/p>\n\n\n\n<p><\/p>\n","protected":false},"excerpt":{"rendered":"<p>Wenn Sie die Website www.twardosz.com oder www.twardosz.at aufrufen, werden von dem Rechner, auf dem die Website gespeichert ist, automatisiert Daten und Informationen vom Computersystem Ihres Rechners erfasst: Diese Erfassung ist nach Art 6 Abs 1 lit f DSGVO zul\u00e4ssig. Diese Daten werden von den Betreibern der Website nicht verarbeitet, und nur so lange gespeichert, wie [&hellip;]<\/p>\n","protected":false},"author":1,"featured_media":0,"parent":0,"menu_order":0,"comment_status":"closed","ping_status":"open","template":"","meta":{"footnotes":""},"class_list":["post-3","page","type-page","status-publish","hentry"],"yoast_head":"<!-- This site is optimized with the Yoast SEO plugin v21.7 - https:\/\/yoast.com\/wordpress\/plugins\/seo\/ -->\n<title>Datenschutzerkl\u00e4rung - Steueranw\u00e4lte in Wien<\/title>\n<meta name=\"robots\" content=\"index, follow, max-snippet:-1, max-image-preview:large, max-video-preview:-1\" \/>\n<link rel=\"canonical\" href=\"https:\/\/twardosz.com\/index.php\/privacy-policy\/\" \/>\n<meta property=\"og:locale\" content=\"de_DE\" \/>\n<meta property=\"og:type\" content=\"article\" \/>\n<meta property=\"og:title\" content=\"Datenschutzerkl\u00e4rung - Steueranw\u00e4lte in Wien\" \/>\n<meta property=\"og:description\" content=\"Wenn Sie die Website www.twardosz.com oder www.twardosz.at aufrufen, werden von dem Rechner, auf dem die Website gespeichert ist, automatisiert Daten und Informationen vom Computersystem Ihres Rechners erfasst: Diese Erfassung ist nach Art 6 Abs 1 lit f DSGVO zul\u00e4ssig. Diese Daten werden von den Betreibern der Website nicht verarbeitet, und nur so lange gespeichert, wie [&hellip;]\" \/>\n<meta property=\"og:url\" content=\"https:\/\/twardosz.com\/index.php\/privacy-policy\/\" \/>\n<meta property=\"og:site_name\" content=\"Steueranw\u00e4lte in Wien\" \/>\n<meta property=\"article:modified_time\" content=\"2024-07-18T10:13:34+00:00\" \/>\n<meta name=\"twitter:card\" content=\"summary_large_image\" \/>\n<meta name=\"twitter:label1\" content=\"Gesch\u00e4tzte Lesezeit\" \/>\n\t<meta name=\"twitter:data1\" content=\"1\u00a0Minute\" \/>\n<script type=\"application\/ld+json\" class=\"yoast-schema-graph\">{\"@context\":\"https:\/\/schema.org\",\"@graph\":[{\"@type\":\"WebPage\",\"@id\":\"https:\/\/twardosz.com\/index.php\/privacy-policy\/\",\"url\":\"https:\/\/twardosz.com\/index.php\/privacy-policy\/\",\"name\":\"Datenschutzerkl\u00e4rung - Steueranw\u00e4lte in Wien\",\"isPartOf\":{\"@id\":\"https:\/\/twardosz.com\/#website\"},\"datePublished\":\"2024-01-04T14:43:45+00:00\",\"dateModified\":\"2024-07-18T10:13:34+00:00\",\"breadcrumb\":{\"@id\":\"https:\/\/twardosz.com\/index.php\/privacy-policy\/#breadcrumb\"},\"inLanguage\":\"de\",\"potentialAction\":[{\"@type\":\"ReadAction\",\"target\":[\"https:\/\/twardosz.com\/index.php\/privacy-policy\/\"]}]},{\"@type\":\"BreadcrumbList\",\"@id\":\"https:\/\/twardosz.com\/index.php\/privacy-policy\/#breadcrumb\",\"itemListElement\":[{\"@type\":\"ListItem\",\"position\":1,\"name\":\"Startseite\",\"item\":\"https:\/\/twardosz.com\/\"},{\"@type\":\"ListItem\",\"position\":2,\"name\":\"Datenschutzerkl\u00e4rung\"}]},{\"@type\":\"WebSite\",\"@id\":\"https:\/\/twardosz.com\/#website\",\"url\":\"https:\/\/twardosz.com\/\",\"name\":\"Steueranw\u00e4lte in Wien\",\"description\":\"Dr. Twardosz &amp; Dr. Twardosz\",\"publisher\":{\"@id\":\"https:\/\/twardosz.com\/#organization\"},\"potentialAction\":[{\"@type\":\"SearchAction\",\"target\":{\"@type\":\"EntryPoint\",\"urlTemplate\":\"https:\/\/twardosz.com\/?s={search_term_string}\"},\"query-input\":\"required name=search_term_string\"}],\"inLanguage\":\"de\"},{\"@type\":\"Organization\",\"@id\":\"https:\/\/twardosz.com\/#organization\",\"name\":\"Steueranw\u00e4lte in Wien\",\"url\":\"https:\/\/twardosz.com\/\",\"logo\":{\"@type\":\"ImageObject\",\"inLanguage\":\"de\",\"@id\":\"https:\/\/twardosz.com\/#\/schema\/logo\/image\/\",\"url\":\"https:\/\/twardosz.com\/wordpress\/wp-content\/uploads\/2024\/07\/favico.jpg\",\"contentUrl\":\"https:\/\/twardosz.com\/wordpress\/wp-content\/uploads\/2024\/07\/favico.jpg\",\"width\":32,\"height\":32,\"caption\":\"Steueranw\u00e4lte in Wien\"},\"image\":{\"@id\":\"https:\/\/twardosz.com\/#\/schema\/logo\/image\/\"}}]}<\/script>\n<!-- \/ Yoast SEO plugin. -->","yoast_head_json":{"title":"Datenschutzerkl\u00e4rung - Steueranw\u00e4lte in Wien","robots":{"index":"index","follow":"follow","max-snippet":"max-snippet:-1","max-image-preview":"max-image-preview:large","max-video-preview":"max-video-preview:-1"},"canonical":"https:\/\/twardosz.com\/index.php\/privacy-policy\/","og_locale":"de_DE","og_type":"article","og_title":"Datenschutzerkl\u00e4rung - Steueranw\u00e4lte in Wien","og_description":"Wenn Sie die Website www.twardosz.com oder www.twardosz.at aufrufen, werden von dem Rechner, auf dem die Website gespeichert ist, automatisiert Daten und Informationen vom Computersystem Ihres Rechners erfasst: Diese Erfassung ist nach Art 6 Abs 1 lit f DSGVO zul\u00e4ssig. Diese Daten werden von den Betreibern der Website nicht verarbeitet, und nur so lange gespeichert, wie [&hellip;]","og_url":"https:\/\/twardosz.com\/index.php\/privacy-policy\/","og_site_name":"Steueranw\u00e4lte in Wien","article_modified_time":"2024-07-18T10:13:34+00:00","twitter_card":"summary_large_image","twitter_misc":{"Gesch\u00e4tzte Lesezeit":"1\u00a0Minute"},"schema":{"@context":"https:\/\/schema.org","@graph":[{"@type":"WebPage","@id":"https:\/\/twardosz.com\/index.php\/privacy-policy\/","url":"https:\/\/twardosz.com\/index.php\/privacy-policy\/","name":"Datenschutzerkl\u00e4rung - Steueranw\u00e4lte in Wien","isPartOf":{"@id":"https:\/\/twardosz.com\/#website"},"datePublished":"2024-01-04T14:43:45+00:00","dateModified":"2024-07-18T10:13:34+00:00","breadcrumb":{"@id":"https:\/\/twardosz.com\/index.php\/privacy-policy\/#breadcrumb"},"inLanguage":"de","potentialAction":[{"@type":"ReadAction","target":["https:\/\/twardosz.com\/index.php\/privacy-policy\/"]}]},{"@type":"BreadcrumbList","@id":"https:\/\/twardosz.com\/index.php\/privacy-policy\/#breadcrumb","itemListElement":[{"@type":"ListItem","position":1,"name":"Startseite","item":"https:\/\/twardosz.com\/"},{"@type":"ListItem","position":2,"name":"Datenschutzerkl\u00e4rung"}]},{"@type":"WebSite","@id":"https:\/\/twardosz.com\/#website","url":"https:\/\/twardosz.com\/","name":"Steueranw\u00e4lte in Wien","description":"Dr. Twardosz &amp; Dr. Twardosz","publisher":{"@id":"https:\/\/twardosz.com\/#organization"},"potentialAction":[{"@type":"SearchAction","target":{"@type":"EntryPoint","urlTemplate":"https:\/\/twardosz.com\/?s={search_term_string}"},"query-input":"required name=search_term_string"}],"inLanguage":"de"},{"@type":"Organization","@id":"https:\/\/twardosz.com\/#organization","name":"Steueranw\u00e4lte in Wien","url":"https:\/\/twardosz.com\/","logo":{"@type":"ImageObject","inLanguage":"de","@id":"https:\/\/twardosz.com\/#\/schema\/logo\/image\/","url":"https:\/\/twardosz.com\/wordpress\/wp-content\/uploads\/2024\/07\/favico.jpg","contentUrl":"https:\/\/twardosz.com\/wordpress\/wp-content\/uploads\/2024\/07\/favico.jpg","width":32,"height":32,"caption":"Steueranw\u00e4lte in Wien"},"image":{"@id":"https:\/\/twardosz.com\/#\/schema\/logo\/image\/"}}]}},"_links":{"self":[{"href":"https:\/\/twardosz.com\/index.php\/wp-json\/wp\/v2\/pages\/3","targetHints":{"allow":["GET"]}}],"collection":[{"href":"https:\/\/twardosz.com\/index.php\/wp-json\/wp\/v2\/pages"}],"about":[{"href":"https:\/\/twardosz.com\/index.php\/wp-json\/wp\/v2\/types\/page"}],"author":[{"embeddable":true,"href":"https:\/\/twardosz.com\/index.php\/wp-json\/wp\/v2\/users\/1"}],"replies":[{"embeddable":true,"href":"https:\/\/twardosz.com\/index.php\/wp-json\/wp\/v2\/comments?post=3"}],"version-history":[{"count":4,"href":"https:\/\/twardosz.com\/index.php\/wp-json\/wp\/v2\/pages\/3\/revisions"}],"predecessor-version":[{"id":92,"href":"https:\/\/twardosz.com\/index.php\/wp-json\/wp\/v2\/pages\/3\/revisions\/92"}],"wp:attachment":[{"href":"https:\/\/twardosz.com\/index.php\/wp-json\/wp\/v2\/media?parent=3"}],"curies":[{"name":"wp","href":"https:\/\/api.w.org\/{rel}","templated":true}]}}