{"id":2,"date":"2024-01-04T14:43:45","date_gmt":"2024-01-04T14:43:45","guid":{"rendered":"https:\/\/twardosz.com\/wordpress\/?page_id=2"},"modified":"2024-07-10T19:03:23","modified_gmt":"2024-07-10T19:03:23","slug":"sample-page","status":"publish","type":"page","link":"https:\/\/twardosz.com\/index.php\/sample-page\/","title":{"rendered":"Impressum"},"content":{"rendered":"\n<h3 class=\"wp-block-heading\">Angaben nach dem ECG<\/h3>\n\n\n\n<p>Verantwortlich f\u00fcr den Inhalt:<\/p>\n\n\n\n<ul class=\"wp-block-list\">\n<li>Dr. Lukas Twardosz, Oppolzergasse 6\/2C, 1010 Wien <\/li>\n\n\n\n<li>Dr. Benjamin Twardosz, LL.M., Parkring 2, 1010 Wien<\/li>\n<\/ul>\n\n\n\n<p>Unternehmensgegenstand:<\/p>\n\n\n\n<ul class=\"wp-block-list\">\n<li>Rechtsanwalt<\/li>\n\n\n\n<li>Steuerberater<\/li>\n<\/ul>\n\n\n\n<p>Mitglieder der Rechtsanwaltskammer Wien und der Kammer der Steuerberaterinnen und Wirtschaftspr\u00fcferinnen<\/p>\n\n\n\n<p>Firmensitz: Wien<\/p>\n\n\n\n<p>Anwendbare Rechtsvorschriften: RAO, WTBG<\/p>\n\n\n\n<p>Grundlegende Richtung des Mediums: Information \u00fcber die Leistungen der selbst\u00e4ndigen Rechtsanw\u00e4lte und Steuerberater<\/p>\n\n\n\n<p>Aufsichtsbeh\u00f6rden: Rechtsanwaltskammer Wien, Kammer der Steuerberater und Wirtschaftspr\u00fcfer<\/p>\n\n\n\n<h3 class=\"wp-block-heading\">Rechtliche Hinweise<\/h3>\n\n\n\n<p>S\u00e4mtliche Inhalte sind nur f\u00fcr den Gebrauch auf dieser Website bestimmt. Nur mit ausdr\u00fccklicher schriftlicher Erlaubnis d\u00fcrfen Texte oder Bilder in anderen Dokumenten oder Medien verwendet werden.<\/p>\n\n\n\n<p>Die Inhalte auf diesen Seiten dienen der allgemeinen Information und k\u00f6nnen die rechtliche Beratung im Einzelfall nicht ersetzen.<\/p>\n\n\n\n<p>Referenzmandate sind Beispiele f\u00fcr Mandate, die von dem betreffenden Anwalt hauptverantwortlich bearbeitet wurden, auch wenn der Mandant das Mandatsverh\u00e4ltnis mit der Kanzlei geschlossen hat, f\u00fcr die der Anwalt t\u00e4tig ist.<\/p>\n","protected":false},"excerpt":{"rendered":"<p>Angaben nach dem ECG Verantwortlich f\u00fcr den Inhalt: Unternehmensgegenstand: Mitglieder der Rechtsanwaltskammer Wien und der Kammer der Steuerberaterinnen und Wirtschaftspr\u00fcferinnen Firmensitz: Wien Anwendbare Rechtsvorschriften: RAO, WTBG Grundlegende Richtung des Mediums: Information \u00fcber die Leistungen der selbst\u00e4ndigen Rechtsanw\u00e4lte und Steuerberater Aufsichtsbeh\u00f6rden: Rechtsanwaltskammer Wien, Kammer der Steuerberater und Wirtschaftspr\u00fcfer Rechtliche Hinweise S\u00e4mtliche Inhalte sind nur f\u00fcr den [&hellip;]<\/p>\n","protected":false},"author":1,"featured_media":45,"parent":0,"menu_order":0,"comment_status":"closed","ping_status":"open","template":"","meta":{"footnotes":""},"class_list":["post-2","page","type-page","status-publish","has-post-thumbnail","hentry"],"yoast_head":"<!-- This site is optimized with the Yoast SEO plugin v21.7 - https:\/\/yoast.com\/wordpress\/plugins\/seo\/ -->\n<title>Impressum - Steueranw\u00e4lte in Wien<\/title>\n<meta name=\"robots\" content=\"index, follow, max-snippet:-1, max-image-preview:large, max-video-preview:-1\" \/>\n<link rel=\"canonical\" href=\"https:\/\/twardosz.com\/index.php\/sample-page\/\" \/>\n<meta property=\"og:locale\" content=\"de_DE\" \/>\n<meta property=\"og:type\" content=\"article\" \/>\n<meta property=\"og:title\" content=\"Impressum - Steueranw\u00e4lte in Wien\" \/>\n<meta property=\"og:description\" content=\"Angaben nach dem ECG Verantwortlich f\u00fcr den Inhalt: Unternehmensgegenstand: Mitglieder der Rechtsanwaltskammer Wien und der Kammer der Steuerberaterinnen und Wirtschaftspr\u00fcferinnen Firmensitz: Wien Anwendbare Rechtsvorschriften: RAO, WTBG Grundlegende Richtung des Mediums: Information \u00fcber die Leistungen der selbst\u00e4ndigen Rechtsanw\u00e4lte und Steuerberater Aufsichtsbeh\u00f6rden: Rechtsanwaltskammer Wien, Kammer der Steuerberater und Wirtschaftspr\u00fcfer Rechtliche Hinweise S\u00e4mtliche Inhalte sind nur f\u00fcr den [&hellip;]\" \/>\n<meta property=\"og:url\" content=\"https:\/\/twardosz.com\/index.php\/sample-page\/\" \/>\n<meta property=\"og:site_name\" content=\"Steueranw\u00e4lte in Wien\" \/>\n<meta property=\"article:modified_time\" content=\"2024-07-10T19:03:23+00:00\" \/>\n<meta property=\"og:image\" content=\"https:\/\/twardosz.com\/wordpress\/wp-content\/uploads\/2024\/07\/Unbenannt.jpg\" \/>\n\t<meta property=\"og:image:width\" content=\"734\" \/>\n\t<meta property=\"og:image:height\" content=\"255\" \/>\n\t<meta property=\"og:image:type\" content=\"image\/jpeg\" \/>\n<meta name=\"twitter:card\" content=\"summary_large_image\" \/>\n<meta name=\"twitter:label1\" content=\"Gesch\u00e4tzte Lesezeit\" \/>\n\t<meta name=\"twitter:data1\" content=\"1\u00a0Minute\" \/>\n<script type=\"application\/ld+json\" class=\"yoast-schema-graph\">{\"@context\":\"https:\/\/schema.org\",\"@graph\":[{\"@type\":\"WebPage\",\"@id\":\"https:\/\/twardosz.com\/index.php\/sample-page\/\",\"url\":\"https:\/\/twardosz.com\/index.php\/sample-page\/\",\"name\":\"Impressum - Steueranw\u00e4lte in Wien\",\"isPartOf\":{\"@id\":\"https:\/\/twardosz.com\/#website\"},\"datePublished\":\"2024-01-04T14:43:45+00:00\",\"dateModified\":\"2024-07-10T19:03:23+00:00\",\"breadcrumb\":{\"@id\":\"https:\/\/twardosz.com\/index.php\/sample-page\/#breadcrumb\"},\"inLanguage\":\"de\",\"potentialAction\":[{\"@type\":\"ReadAction\",\"target\":[\"https:\/\/twardosz.com\/index.php\/sample-page\/\"]}]},{\"@type\":\"BreadcrumbList\",\"@id\":\"https:\/\/twardosz.com\/index.php\/sample-page\/#breadcrumb\",\"itemListElement\":[{\"@type\":\"ListItem\",\"position\":1,\"name\":\"Startseite\",\"item\":\"https:\/\/twardosz.com\/\"},{\"@type\":\"ListItem\",\"position\":2,\"name\":\"Impressum\"}]},{\"@type\":\"WebSite\",\"@id\":\"https:\/\/twardosz.com\/#website\",\"url\":\"https:\/\/twardosz.com\/\",\"name\":\"Steueranw\u00e4lte in Wien\",\"description\":\"Dr. Twardosz &amp; Dr. Twardosz\",\"publisher\":{\"@id\":\"https:\/\/twardosz.com\/#organization\"},\"potentialAction\":[{\"@type\":\"SearchAction\",\"target\":{\"@type\":\"EntryPoint\",\"urlTemplate\":\"https:\/\/twardosz.com\/?s={search_term_string}\"},\"query-input\":\"required name=search_term_string\"}],\"inLanguage\":\"de\"},{\"@type\":\"Organization\",\"@id\":\"https:\/\/twardosz.com\/#organization\",\"name\":\"Steueranw\u00e4lte in Wien\",\"url\":\"https:\/\/twardosz.com\/\",\"logo\":{\"@type\":\"ImageObject\",\"inLanguage\":\"de\",\"@id\":\"https:\/\/twardosz.com\/#\/schema\/logo\/image\/\",\"url\":\"https:\/\/twardosz.com\/wordpress\/wp-content\/uploads\/2024\/07\/favico.jpg\",\"contentUrl\":\"https:\/\/twardosz.com\/wordpress\/wp-content\/uploads\/2024\/07\/favico.jpg\",\"width\":32,\"height\":32,\"caption\":\"Steueranw\u00e4lte in Wien\"},\"image\":{\"@id\":\"https:\/\/twardosz.com\/#\/schema\/logo\/image\/\"}}]}<\/script>\n<!-- \/ Yoast SEO plugin. -->","yoast_head_json":{"title":"Impressum - Steueranw\u00e4lte in Wien","robots":{"index":"index","follow":"follow","max-snippet":"max-snippet:-1","max-image-preview":"max-image-preview:large","max-video-preview":"max-video-preview:-1"},"canonical":"https:\/\/twardosz.com\/index.php\/sample-page\/","og_locale":"de_DE","og_type":"article","og_title":"Impressum - Steueranw\u00e4lte in Wien","og_description":"Angaben nach dem ECG Verantwortlich f\u00fcr den Inhalt: Unternehmensgegenstand: Mitglieder der Rechtsanwaltskammer Wien und der Kammer der Steuerberaterinnen und Wirtschaftspr\u00fcferinnen Firmensitz: Wien Anwendbare Rechtsvorschriften: RAO, WTBG Grundlegende Richtung des Mediums: Information \u00fcber die Leistungen der selbst\u00e4ndigen Rechtsanw\u00e4lte und Steuerberater Aufsichtsbeh\u00f6rden: Rechtsanwaltskammer Wien, Kammer der Steuerberater und Wirtschaftspr\u00fcfer Rechtliche Hinweise S\u00e4mtliche Inhalte sind nur f\u00fcr den [&hellip;]","og_url":"https:\/\/twardosz.com\/index.php\/sample-page\/","og_site_name":"Steueranw\u00e4lte in Wien","article_modified_time":"2024-07-10T19:03:23+00:00","og_image":[{"width":734,"height":255,"url":"https:\/\/twardosz.com\/wordpress\/wp-content\/uploads\/2024\/07\/Unbenannt.jpg","type":"image\/jpeg"}],"twitter_card":"summary_large_image","twitter_misc":{"Gesch\u00e4tzte Lesezeit":"1\u00a0Minute"},"schema":{"@context":"https:\/\/schema.org","@graph":[{"@type":"WebPage","@id":"https:\/\/twardosz.com\/index.php\/sample-page\/","url":"https:\/\/twardosz.com\/index.php\/sample-page\/","name":"Impressum - Steueranw\u00e4lte in Wien","isPartOf":{"@id":"https:\/\/twardosz.com\/#website"},"datePublished":"2024-01-04T14:43:45+00:00","dateModified":"2024-07-10T19:03:23+00:00","breadcrumb":{"@id":"https:\/\/twardosz.com\/index.php\/sample-page\/#breadcrumb"},"inLanguage":"de","potentialAction":[{"@type":"ReadAction","target":["https:\/\/twardosz.com\/index.php\/sample-page\/"]}]},{"@type":"BreadcrumbList","@id":"https:\/\/twardosz.com\/index.php\/sample-page\/#breadcrumb","itemListElement":[{"@type":"ListItem","position":1,"name":"Startseite","item":"https:\/\/twardosz.com\/"},{"@type":"ListItem","position":2,"name":"Impressum"}]},{"@type":"WebSite","@id":"https:\/\/twardosz.com\/#website","url":"https:\/\/twardosz.com\/","name":"Steueranw\u00e4lte in Wien","description":"Dr. Twardosz &amp; Dr. Twardosz","publisher":{"@id":"https:\/\/twardosz.com\/#organization"},"potentialAction":[{"@type":"SearchAction","target":{"@type":"EntryPoint","urlTemplate":"https:\/\/twardosz.com\/?s={search_term_string}"},"query-input":"required name=search_term_string"}],"inLanguage":"de"},{"@type":"Organization","@id":"https:\/\/twardosz.com\/#organization","name":"Steueranw\u00e4lte in Wien","url":"https:\/\/twardosz.com\/","logo":{"@type":"ImageObject","inLanguage":"de","@id":"https:\/\/twardosz.com\/#\/schema\/logo\/image\/","url":"https:\/\/twardosz.com\/wordpress\/wp-content\/uploads\/2024\/07\/favico.jpg","contentUrl":"https:\/\/twardosz.com\/wordpress\/wp-content\/uploads\/2024\/07\/favico.jpg","width":32,"height":32,"caption":"Steueranw\u00e4lte in Wien"},"image":{"@id":"https:\/\/twardosz.com\/#\/schema\/logo\/image\/"}}]}},"_links":{"self":[{"href":"https:\/\/twardosz.com\/index.php\/wp-json\/wp\/v2\/pages\/2","targetHints":{"allow":["GET"]}}],"collection":[{"href":"https:\/\/twardosz.com\/index.php\/wp-json\/wp\/v2\/pages"}],"about":[{"href":"https:\/\/twardosz.com\/index.php\/wp-json\/wp\/v2\/types\/page"}],"author":[{"embeddable":true,"href":"https:\/\/twardosz.com\/index.php\/wp-json\/wp\/v2\/users\/1"}],"replies":[{"embeddable":true,"href":"https:\/\/twardosz.com\/index.php\/wp-json\/wp\/v2\/comments?post=2"}],"version-history":[{"count":5,"href":"https:\/\/twardosz.com\/index.php\/wp-json\/wp\/v2\/pages\/2\/revisions"}],"predecessor-version":[{"id":61,"href":"https:\/\/twardosz.com\/index.php\/wp-json\/wp\/v2\/pages\/2\/revisions\/61"}],"wp:featuredmedia":[{"embeddable":true,"href":"https:\/\/twardosz.com\/index.php\/wp-json\/wp\/v2\/media\/45"}],"wp:attachment":[{"href":"https:\/\/twardosz.com\/index.php\/wp-json\/wp\/v2\/media?parent=2"}],"curies":[{"name":"wp","href":"https:\/\/api.w.org\/{rel}","templated":true}]}}